{"id":60,"date":"2020-08-12T05:16:40","date_gmt":"2020-08-12T05:16:40","guid":{"rendered":"https:\/\/itinc-demo.pbminfotech.com\/?page_id=14985"},"modified":"2020-08-12T05:16:40","modified_gmt":"2020-08-12T05:16:40","slug":"services","status":"publish","type":"page","link":"https:\/\/iriarteasociados.com\/?page_id=60","title":{"rendered":"Services"},"content":{"rendered":"\t\t<div data-elementor-type=\"wp-page\" data-elementor-id=\"60\" class=\"elementor elementor-60\">\n\t\t\t\t\t\t<section class=\"elementor-section elementor-top-section elementor-element elementor-element-e00fb33 thsn-bg-color-yes thsn-elementor-bg-color-white thsn-col-stretched-none thsn-bg-color-over-image elementor-section-boxed elementor-section-height-default elementor-section-height-default\" data-id=\"e00fb33\" data-element_type=\"section\">\n\t\t\t\t\t\t<div class=\"elementor-container elementor-column-gap-no\">\n\t\t\t\t\t<div class=\"elementor-column elementor-col-100 elementor-top-column elementor-element elementor-element-96a4b33 thsn-bg-color-over-image\" data-id=\"96a4b33\" data-element_type=\"column\">\n\t\t\t<div class=\"elementor-widget-wrap elementor-element-populated\">\n\t\t\t\t\t\t<div class=\"elementor-element elementor-element-e7c5c52 elementor-widget elementor-widget-thsn_service_element\" data-id=\"e7c5c52\" data-element_type=\"widget\" data-widget_type=\"thsn_service_element.default\">\n\t\t\t\t<div class=\"elementor-widget-container\">\n\t\t\t\r\n\t\t<div class=\"themesion-element themesion-element-service thsn-element-service-style-1 themesion-element-viewtype-row-column themesion-gap-30px\" data-show=\"9\" data-columns=\"3\" data-loop=\"false\" data-autoplay=\"false\" data-center=\"false\" data-nav=\"false\" data-dots=\"false\" data-autoplayspeed=\"1000\" data-margin=\"30px\"><div class=\"themesion-element-inner\">\r\n\t\t\t\t\t\t<div class=\"thsn-ele-header-area\">\r\n\t\t\t\t\t\t<div class=\"thsn-heading-subheading left-align \"><\/div>\t\t\t\t<\/div>\r\n\t\t\t\t\r\n\t\t\t<div class=\"thsn-row-parent\">\r\n\t\t\t\t<div class=\"thsn-element-posts-wrapper row multi-columns-row\">\r\n\r\n\t\t\t\t<article class=\"thsn-ele thsn-ele-service thsn-service-style-1 col-md-4 strategies thsn-term-12  \"><div class=\"themesion-post-item\">\t\t\t  \r\n\t<div class=\"thsn-featured-wrapper\"><a href=\"https:\/\/iriarteasociados.com\/?thsn-service=infrastructure-plan\"><img fetchpriority=\"high\" decoding=\"async\" width=\"600\" height=\"400\" src=\"https:\/\/iriarteasociados.com\/wp-content\/uploads\/2020\/06\/Infraestructura-ti-que-es-870302091.jpg\" class=\"attachment-thsn-img-770x500 size-thsn-img-770x500 wp-post-image\" alt=\"\" srcset=\"https:\/\/iriarteasociados.com\/wp-content\/uploads\/2020\/06\/Infraestructura-ti-que-es-870302091.jpg 600w, https:\/\/iriarteasociados.com\/wp-content\/uploads\/2020\/06\/Infraestructura-ti-que-es-870302091-300x200.jpg 300w\" sizes=\"(max-width: 600px) 100vw, 600px\" \/><\/a><\/div>\t\r\n\t<div class=\"themesion-box-content\">\t\t\t\t\r\n\t\t\t<div class=\"thsn-service-icon-wrapper\">\r\n\t\t\t\t<i class=\"thsn-itinc-icon thsn-itinc-icon-smartphone-1\"><\/i>\t\t\t<\/div>\t\t\t\t\t\r\n\t\t<div class=\"themesion-box-content-inner\">\r\n\t\t<div class=\"thsn-service-cat\"><a href=\"https:\/\/iriarteasociados.com\/?thsn-service-category=strategies\" rel=\"tag\">Estrategias<\/a><\/div>\r\n\t\t\t<h3 class=\"thsn-service-title\"><a href=\"https:\/\/iriarteasociados.com\/?thsn-service=infrastructure-plan\">Plan de infraestructuras<\/a><\/h3> \r\n\t\t\t\t\t\t<div class=\"thsn-service-content\"><p>Dar la mejor calidad de los sistemas de seguridad y la instalaci\u00f3n de la \u00faltima tecnolog\u00eda para las personas obtener seguridad.<\/p>\n<\/div>\r\n\t\t\t \r\n\t\t<\/div>\r\n\t<\/div>\r\n<\/div>\r\n<\/article><article class=\"thsn-ele thsn-ele-service thsn-service-style-1 col-md-4 strategies thsn-term-12  \"><div class=\"themesion-post-item\">\t\t\t  \r\n\t<div class=\"thsn-featured-wrapper\"><a href=\"https:\/\/iriarteasociados.com\/?thsn-service=data-structuring\"><img decoding=\"async\" width=\"770\" height=\"500\" src=\"https:\/\/iriarteasociados.com\/wp-content\/uploads\/2020\/06\/Call-Center-Best-Practices-2531629354-770x500.jpg\" class=\"attachment-thsn-img-770x500 size-thsn-img-770x500 wp-post-image\" alt=\"\" \/><\/a><\/div>\t\r\n\t<div class=\"themesion-box-content\">\t\t\t\t\r\n\t\t\t<div class=\"thsn-service-icon-wrapper\">\r\n\t\t\t\t\t\t\t<\/div>\t\t\t\t\t\r\n\t\t<div class=\"themesion-box-content-inner\">\r\n\t\t<div class=\"thsn-service-cat\"><a href=\"https:\/\/iriarteasociados.com\/?thsn-service-category=strategies\" rel=\"tag\">Estrategias<\/a><\/div>\r\n\t\t\t<h3 class=\"thsn-service-title\"><a href=\"https:\/\/iriarteasociados.com\/?thsn-service=data-structuring\">Servicio de Call Center<\/a><\/h3> \r\n\t\t\t\t\t\t<div class=\"thsn-service-content\"><p>Give the best quality of security systems and facility of latest technology for the people get security.<\/p>\n<\/div>\r\n\t\t\t \r\n\t\t<\/div>\r\n\t<\/div>\r\n<\/div>\r\n<\/article><article class=\"thsn-ele thsn-ele-service thsn-service-style-1 col-md-4 it-security thsn-term-14  \"><div class=\"themesion-post-item\">\t\t\t  \r\n\t<div class=\"thsn-featured-wrapper\"><a href=\"https:\/\/iriarteasociados.com\/?thsn-service=it-consultancy\"><img decoding=\"async\" width=\"770\" height=\"500\" src=\"https:\/\/iriarteasociados.com\/wp-content\/uploads\/2020\/06\/cq5dam.resized.img_.1536.large_.time1579610938792-104091118-770x500.jpg\" class=\"attachment-thsn-img-770x500 size-thsn-img-770x500 wp-post-image\" alt=\"\" \/><\/a><\/div>\t\r\n\t<div class=\"themesion-box-content\">\t\t\t\t\r\n\t\t\t<div class=\"thsn-service-icon-wrapper\">\r\n\t\t\t\t\t\t\t<\/div>\t\t\t\t\t\r\n\t\t<div class=\"themesion-box-content-inner\">\r\n\t\t<div class=\"thsn-service-cat\"><a href=\"https:\/\/iriarteasociados.com\/?thsn-service-category=it-security\" rel=\"tag\">Seguridad TI<\/a><\/div>\r\n\t\t\t<h3 class=\"thsn-service-title\"><a href=\"https:\/\/iriarteasociados.com\/?thsn-service=it-consultancy\">Consultor\u00eda inform\u00e1tica<\/a><\/h3> \r\n\t\t\t\t\t\t<div class=\"thsn-service-content\"><p>Give the best quality of security systems and facility of latest technology for the people get security.<\/p>\n<\/div>\r\n\t\t\t \r\n\t\t<\/div>\r\n\t<\/div>\r\n<\/div>\r\n<\/article><article class=\"thsn-ele thsn-ele-service thsn-service-style-1 col-md-4 software thsn-term-15  \"><div class=\"themesion-post-item\">\t\t\t  \r\n\t<div class=\"thsn-featured-wrapper\"><a href=\"https:\/\/iriarteasociados.com\/?thsn-service=marketing-strategy\"><img loading=\"lazy\" decoding=\"async\" width=\"770\" height=\"500\" src=\"https:\/\/iriarteasociados.com\/wp-content\/uploads\/2020\/06\/Marketing-Digital-Gsiete-2-2275953314-770x500.jpg\" class=\"attachment-thsn-img-770x500 size-thsn-img-770x500 wp-post-image\" alt=\"\" \/><\/a><\/div>\t\r\n\t<div class=\"themesion-box-content\">\t\t\t\t\r\n\t\t\t<div class=\"thsn-service-icon-wrapper\">\r\n\t\t\t\t\t\t\t<\/div>\t\t\t\t\t\r\n\t\t<div class=\"themesion-box-content-inner\">\r\n\t\t<div class=\"thsn-service-cat\"><a href=\"https:\/\/iriarteasociados.com\/?thsn-service-category=software\" rel=\"tag\">Software<\/a><\/div>\r\n\t\t\t<h3 class=\"thsn-service-title\"><a href=\"https:\/\/iriarteasociados.com\/?thsn-service=marketing-strategy\">Estrategia de marketing<\/a><\/h3> \r\n\t\t\t\t\t\t<div class=\"thsn-service-content\"><p>Give the best quality of security systems and facility of latest technology for the people get security.<\/p>\n<\/div>\r\n\t\t\t \r\n\t\t<\/div>\r\n\t<\/div>\r\n<\/div>\r\n<\/article><article class=\"thsn-ele thsn-ele-service thsn-service-style-1 col-md-4 development thsn-term-16  \"><div class=\"themesion-post-item\">\t\t\t  \r\n\t<div class=\"thsn-featured-wrapper\"><a href=\"https:\/\/iriarteasociados.com\/?thsn-service=cloud-computing\"><img loading=\"lazy\" decoding=\"async\" width=\"770\" height=\"500\" src=\"https:\/\/iriarteasociados.com\/wp-content\/uploads\/2020\/06\/web-1068x848-1644977436-770x500.jpg\" class=\"attachment-thsn-img-770x500 size-thsn-img-770x500 wp-post-image\" alt=\"\" \/><\/a><\/div>\t\r\n\t<div class=\"themesion-box-content\">\t\t\t\t\r\n\t\t\t<div class=\"thsn-service-icon-wrapper\">\r\n\t\t\t\t\t\t\t<\/div>\t\t\t\t\t\r\n\t\t<div class=\"themesion-box-content-inner\">\r\n\t\t<div class=\"thsn-service-cat\"><a href=\"https:\/\/iriarteasociados.com\/?thsn-service-category=development\" rel=\"tag\">Desarrollo<\/a><\/div>\r\n\t\t\t<h3 class=\"thsn-service-title\"><a href=\"https:\/\/iriarteasociados.com\/?thsn-service=cloud-computing\">Dise\u00f1o web<\/a><\/h3> \r\n\t\t\t\t\t\t<div class=\"thsn-service-content\"><p>Give the best quality of security systems and facility of latest technology for the people get security.<\/p>\n<\/div>\r\n\t\t\t \r\n\t\t<\/div>\r\n\t<\/div>\r\n<\/div>\r\n<\/article><article class=\"thsn-ele thsn-ele-service thsn-service-style-1 col-md-4 strategies thsn-term-12  \"><div class=\"themesion-post-item\">\t\t\t  \r\n\t<div class=\"thsn-featured-wrapper\"><a href=\"https:\/\/iriarteasociados.com\/?thsn-service=product-development\"><img loading=\"lazy\" decoding=\"async\" width=\"770\" height=\"500\" src=\"https:\/\/iriarteasociados.com\/wp-content\/uploads\/2019\/05\/soporte-tecnico-2003799801-770x500.jpg\" class=\"attachment-thsn-img-770x500 size-thsn-img-770x500 wp-post-image\" alt=\"\" \/><\/a><\/div>\t\r\n\t<div class=\"themesion-box-content\">\t\t\t\t\r\n\t\t\t<div class=\"thsn-service-icon-wrapper\">\r\n\t\t\t\t<i class=\"thsn-itinc-icon thsn-itinc-icon-research\"><\/i>\t\t\t<\/div>\t\t\t\t\t\r\n\t\t<div class=\"themesion-box-content-inner\">\r\n\t\t<div class=\"thsn-service-cat\"><a href=\"https:\/\/iriarteasociados.com\/?thsn-service-category=strategies\" rel=\"tag\">Estrategias<\/a><\/div>\r\n\t\t\t<h3 class=\"thsn-service-title\"><a href=\"https:\/\/iriarteasociados.com\/?thsn-service=product-development\">Mesa de Servicios<\/a><\/h3> \r\n\t\t\t\t\t\t<div class=\"thsn-service-content\"><p>Give the best quality of security systems and facility of latest technology for the people get security.<\/p>\n<\/div>\r\n\t\t\t \r\n\t\t<\/div>\r\n\t<\/div>\r\n<\/div>\r\n<\/article>\r\n\t\t\t\t<\/div>\r\n\t\t\t<\/div>\r\n\r\n\t\t\t\r\n\t\t\t\r\n\t\t\r\n\t\t<\/div><!-- .themesion-element-inner -->   <\/div><!-- .themesion-element -->  \r\n\t    \t\t<\/div>\n\t\t\t\t<\/div>\n\t\t\t\t\t<\/div>\n\t\t<\/div>\n\t\t\t\t\t<\/div>\n\t\t<\/section>\n\t\t\t\t<\/div>\n\t\t","protected":false},"excerpt":{"rendered":"<p>Strategies Infrastructure Plan Give the best quality of security systems and facility of latest technology for the people get security. Web Design Data Structuring Give the best quality of security systems and facility of latest technology for the people get security. IT Security IT Consultancy Give the best quality of security systems and facility of latest technology for the people get security. Software Marketing Strategy Give the best quality of[&hellip;]<\/p>\n","protected":false},"author":1,"featured_media":0,"parent":0,"menu_order":14,"comment_status":"closed","ping_status":"closed","template":"","meta":{"_acf_changed":false,"footnotes":""},"class_list":["post-60","page","type-page","status-publish","hentry"],"acf":[],"_links":{"self":[{"href":"https:\/\/iriarteasociados.com\/index.php?rest_route=\/wp\/v2\/pages\/60","targetHints":{"allow":["GET"]}}],"collection":[{"href":"https:\/\/iriarteasociados.com\/index.php?rest_route=\/wp\/v2\/pages"}],"about":[{"href":"https:\/\/iriarteasociados.com\/index.php?rest_route=\/wp\/v2\/types\/page"}],"author":[{"embeddable":true,"href":"https:\/\/iriarteasociados.com\/index.php?rest_route=\/wp\/v2\/users\/1"}],"replies":[{"embeddable":true,"href":"https:\/\/iriarteasociados.com\/index.php?rest_route=%2Fwp%2Fv2%2Fcomments&post=60"}],"version-history":[{"count":0,"href":"https:\/\/iriarteasociados.com\/index.php?rest_route=\/wp\/v2\/pages\/60\/revisions"}],"wp:attachment":[{"href":"https:\/\/iriarteasociados.com\/index.php?rest_route=%2Fwp%2Fv2%2Fmedia&parent=60"}],"curies":[{"name":"wp","href":"https:\/\/api.w.org\/{rel}","templated":true}]}}